{"id":2,"date":"2021-01-26T19:25:23","date_gmt":"2021-01-26T19:25:23","guid":{"rendered":"http:\/\/cheaphosting-providers.com\/?page_id=2"},"modified":"2021-12-16T04:53:25","modified_gmt":"2021-12-16T04:53:25","slug":"cheap-hosting-providers","status":"publish","type":"page","link":"https:\/\/cheaphosting-providers.com\/","title":{"rendered":"CHEAP HOSTING PROVIDERS"},"content":{"rendered":"\n<h3 class=\"wp-block-heading\"><strong>El <a href=\"https:\/\/www.tecnoweb.net\/es-pe\/web_hosting.php\">Hosting<\/a> VPS de Windows es un tipo de alojamiento de servidor privado virtual basado en Windows. <\/strong><br><\/h3>\n\n\n\n<figure class=\"wp-block-embed is-type-video is-provider-youtube wp-block-embed-youtube wp-embed-aspect-16-9 wp-has-aspect-ratio\"><div class=\"wp-block-embed__wrapper\">\n<iframe loading=\"lazy\" title=\"\u00bfC\u00f3mo realizar una compra en TecnoWeb?\" width=\"750\" height=\"422\" src=\"https:\/\/www.youtube.com\/embed\/-jHt5eWsWSc?feature=oembed\" frameborder=\"0\" allow=\"accelerometer; autoplay; clipboard-write; encrypted-media; gyroscope; picture-in-picture\" allowfullscreen><\/iframe>\n<\/div><\/figure>\n\n\n\n<p><br>Los desarrolladores de juegos lo consideran perfecto para ellos, ya que apuntan a algo grande y gastan menos en ello. Son capaces de disponer de una gran cantidad de recursos, para poder dar potencia a sus aplicaciones, mediante el uso de este tipo de soluci\u00f3n de hosting.<\/p>\n\n\n\n<p>El servidor HP  posee muchas ventajas y beneficios. Existen diferentes referencias en el mercado una de ellas es el <strong>P04923-S01<\/strong> el cuel consta de Servidor HPE ProLiant MicroServer Gen10, 01 procesador AMD Opteron X3421, velocidad 2.1 GHz (hasta 3.4 GHz) con 04 n\u00facleos, cache 2 MB, memoria 8 GB( soporta hasta 32 GB) DDR4 SDRAM &#8211; ECC, 02 slots, controlador SATA 6Gb\/s, 02 puertos Gigabit Ethernet, ultra micro tower, no incluye S.O., fuente de alimentaci\u00f3n de 200 W, no incluye disco duro.<\/p>\n\n\n\n<p> Se ha observado una tendencia creciente en el uso de <a href=\"https:\/\/www.tecnoweb.net\/es-mx\/\">Hosting<\/a> VPS Windows por parte de los desarrolladores de juegos y no hay duda al respecto. Los desarrolladores de juegos suelen optar por el alojamiento VPS de Windows porque es muy econ\u00f3mico. Ofrece una facilidad para instalar una gran cantidad de aplicaciones y programas para ellos. En este art\u00edculo, nos gustar\u00eda brindar informaci\u00f3n sobre por qu\u00e9 los desarrolladores de juegos usan Windows VPS Hosting para desarrollar m\u00e1s y m\u00e1s juegos. <br><br>Un correcto proceso de ventas hace que tengas una estrategia digital exitosa. Genera ventas y prospectos de calidad con inbound marketing. Solicita asesor\u00eda. Agencia SEO Cali. Crecimiento en las ventas.<\/p>\n\n\n\n<p>Adquirimos los enlaces necesarios para lograr los objetivos de posicionamiento. Utilizamos diversas t\u00e9cnicas SEO personalizadas, manuales y seguras. Estrategia personalizada con Agencia SEO Bogota.<\/p>\n\n\n\n<p>La principal ventaja de un <a href=\"https:\/\/extraconfidencial.com\/noticias\/tecnoweb-el-hosting-que-necesitas-para-tu-negocio-en-espana-y-latinoamerica\/\">Hosting<\/a> VPS de Windows para los desarrolladores de juegos es que les ofrece muchos ahorros. Los desarrolladores con poco presupuesto se benefician de esta funci\u00f3n, ya que les ayuda a minimizar sus costos. Si eligen Alojamiento Compartido para ahorrar dinero, todav\u00eda no les ayudar\u00e1, ya que en el Alojamiento Compartido los desarrolladores de juegos no pueden tener un control en su servidor y tampoco pueden ejecutar las aplicaciones que quieren en su servidor. <\/p>\n\n\n\n<p>El <a href=\"https:\/\/www.tecnoweb.net\/es-pe\/\">Hosting Cpanel<\/a> permite administrar c\u00f3modamente todos los servicios en un solo lugar. Es Intuitivo y f\u00e1cil de usar, <strong>cPanel<\/strong> te permite administrar una cuenta de <strong>hosting<\/strong> web con la m\u00e1xima eficiencia.<\/p>\n\n\n\n<figure class=\"wp-block-embed is-type-video is-provider-youtube wp-block-embed-youtube wp-embed-aspect-16-9 wp-has-aspect-ratio\"><div class=\"wp-block-embed__wrapper\">\n<iframe loading=\"lazy\" title=\"C\u00f3mo Comprar un Hosting con CPanel Econ\u00f3mico y Profesional 2020\" width=\"750\" height=\"422\" src=\"https:\/\/www.youtube.com\/embed\/Dm9LDQ3u6d0?feature=oembed\" frameborder=\"0\" allow=\"accelerometer; autoplay; clipboard-write; encrypted-media; gyroscope; picture-in-picture\" allowfullscreen><\/iframe>\n<\/div><\/figure>\n\n\n\n<p>Dado que su servidor est\u00e1 centrado en las aplicaciones, optar por un plan de alojamiento compartido ser\u00eda una completa p\u00e9rdida de tiempo y dinero. Si eligen un alojamiento de servidor dedicado para esto, tambi\u00e9n pierden, ya que obtendr\u00e1n todas las funciones, pero tendr\u00e1n que pagar mucho para obtenerlas. Por lo tanto, Windows VPS es la soluci\u00f3n perfecta para ellos, ya que los desarrolladores de juegos pueden administrar su servidor de acuerdo con sus requisitos y a\u00fan as\u00ed ahorrar en la parte de alojamiento. <\/p>\n\n\n\n<p>Los servidores Lenovo poseen m\u00faltiples caracter\u00edsticas para adecuarse a tu necesidad: Rack, Edge, Torre y Blade. Elegir la soluci\u00f3n de base de datos adecuada es elegir la que mejor se adapta a tus necesidades estrat\u00e9gicas \u00fanicas.<\/p>\n\n\n\n<p>Adem\u00e1s, este <a href=\"https:\/\/www.tecnoweb.net\/web_hosting.php\"><strong>Hosting cpanel<\/strong><\/a> ofrece a los desarrolladores una opci\u00f3n para instalar aplicaciones y programas y personalizar su servidor de la forma que deseen. Aqu\u00ed pueden tener un control total sobre su servidor y usarlo de la mejor manera posible. Si usan ASP.NET, no tendr\u00e1n que preocuparse por su ejecuci\u00f3n. Funcionar\u00e1 sin problemas en un VPS de Windows. Adem\u00e1s, otro programa conocido como ColdFusion tambi\u00e9n se puede instalar en este tipo de plan de alojamiento. Al utilizar ColdFusion, los desarrolladores de juegos pueden crear juegos. Tambi\u00e9n se pueden instalar muchos m\u00e1s programas de este tipo en su VPS de Windows, lo que brinda a los desarrolladores muchas opciones. <\/p>\n\n\n\n<figure class=\"wp-block-embed is-type-video is-provider-youtube wp-block-embed-youtube wp-embed-aspect-4-3 wp-has-aspect-ratio\"><div class=\"wp-block-embed__wrapper\">\n<iframe loading=\"lazy\" title=\"El Mejor Hosting de Colombia\" width=\"750\" height=\"563\" src=\"https:\/\/www.youtube.com\/embed\/Kj_1IRG1ReU?feature=oembed\" frameborder=\"0\" allow=\"accelerometer; autoplay; clipboard-write; encrypted-media; gyroscope; picture-in-picture\" allowfullscreen><\/iframe>\n<\/div><\/figure>\n\n\n\n<p>Windows VPS tambi\u00e9n ofrece muchas herramientas para aumentar la productividad de los desarrolladores de juegos. Tiene un panel de control que se llama Virtuozzo. Virtuozzo les ayuda a administrar sus dominios, monitorear, mantener y crear copias de seguridad. Adem\u00e1s, los desarrolladores no est\u00e1n preocupados por la seguridad y la copia de seguridad de su servidor, ya que esto lo hace su proveedor de alojamiento web. Muchas empresas de alojamiento web en estos d\u00edas le brindan VPS administrado. Por lo tanto, despu\u00e9s de observar estos aspectos de un alojamiento VPS de Windows, uno puede estar convencido de que es la elecci\u00f3n correcta para todos los desarrolladores de juegos. Si usted es un desarrollador de juegos, desea mantener sus costos de alojamiento al m\u00ednimo y a\u00fan desea los mejores servicios, visite UCVHOST y solicite un VPS de Windows (VPS barato). <\/p>\n\n\n\n<p><strong><a href=\"https:\/\/www.tecnoweb.net\/reseller_hosting.php\">Hosting Reseller<\/a><\/strong>: Servicio de Alta Reputaci\u00f3n y Estabilidad. 15 A\u00f1os de Experiencia. Protecci\u00f3n Licenciada. Pensado y dise\u00f1ado para los&nbsp;<em><strong>resellers<\/strong><\/em>, las mejores soluciones y los mejores precios. Hazte&nbsp;<em>reseller<\/em>&nbsp;de <strong>Tecnoweb&nbsp;<em>Hosting<\/em><\/strong>&nbsp;todo ser\u00e1n ventajas, \u00a1aprov\u00e9chalas! Ingenieros cualificados.<\/p>\n\n\n\n<p>En UCVHOST obtendr\u00e1 lo que siempre quiso a los mejores precios posibles con muchas caracter\u00edsticas excelentes. Contamos con ejecutivos de soporte expertos y estamos disponibles 24\/7, 365 d\u00edas al a\u00f1o. Y qu\u00e9 m\u00e1s gestionamos su VPS por usted que tambi\u00e9n de forma gratuita. Nuestra garant\u00eda de tiempo de actividad del 99,999% mantendr\u00e1 su servidor en funcionamiento todo el tiempo. As\u00ed que visite UCVHOST y vea la diferencia.<\/p>\n\n\n\n<blockquote class=\"wp-block-quote is-layout-flow wp-block-quote-is-layout-flow\"><p><\/p><\/blockquote>\n\n\n\n<p><\/p>\n\n\n\n<p><\/p>\n","protected":false},"excerpt":{"rendered":"<p>El Hosting VPS de Windows es un tipo de alojamiento de servidor privado virtual basado en Windows. Los desarrolladores de juegos lo consideran perfecto para ellos, ya que apuntan a algo grande y gastan menos en ello. Son capaces de disponer de una gran cantidad de recursos, para poder dar potencia a sus aplicaciones, mediante&hellip; <a class=\"more-link\" href=\"https:\/\/cheaphosting-providers.com\/\">Seguir leyendo <span class=\"screen-reader-text\">CHEAP HOSTING PROVIDERS<\/span><\/a><\/p>\n","protected":false},"author":1,"featured_media":0,"parent":0,"menu_order":0,"comment_status":"closed","ping_status":"open","template":"","meta":{"footnotes":""},"class_list":["post-2","page","type-page","status-publish","hentry","entry"],"yoast_head":"<!-- This site is optimized with the Yoast SEO plugin v24.9 - https:\/\/yoast.com\/wordpress\/plugins\/seo\/ -->\n<title>\u1405 Los Mejores Hosting Cpanel y Servidores Hp Y Lenovo<\/title>\n<meta name=\"description\" content=\"Proveedores de Hosting Baratos y servidores de todas las caracteristicas en Latinoamerica \u2705 Cotiza, compara y contrata todo en un mismo lugar. F\u00e1cil y r\u00e1pido \u2705\" \/>\n<meta name=\"robots\" content=\"index, follow, max-snippet:-1, max-image-preview:large, max-video-preview:-1\" \/>\n<link rel=\"canonical\" href=\"https:\/\/cheaphosting-providers.com\/\" \/>\n<meta property=\"og:locale\" content=\"es_ES\" \/>\n<meta property=\"og:type\" content=\"article\" \/>\n<meta property=\"og:title\" content=\"\u1405 Los Mejores Hosting Cpanel y Servidores Hp Y Lenovo\" \/>\n<meta property=\"og:description\" content=\"Proveedores de Hosting Baratos y servidores de todas las caracteristicas en Latinoamerica \u2705 Cotiza, compara y contrata todo en un mismo lugar. F\u00e1cil y r\u00e1pido \u2705\" \/>\n<meta property=\"og:url\" content=\"https:\/\/cheaphosting-providers.com\/\" \/>\n<meta property=\"article:modified_time\" content=\"2021-12-16T04:53:25+00:00\" \/>\n<meta name=\"twitter:card\" content=\"summary_large_image\" \/>\n<meta name=\"twitter:label1\" content=\"Tiempo de lectura\" \/>\n\t<meta name=\"twitter:data1\" content=\"4 minutos\" \/>\n<script type=\"application\/ld+json\" class=\"yoast-schema-graph\">{\"@context\":\"https:\/\/schema.org\",\"@graph\":[{\"@type\":\"WebPage\",\"@id\":\"https:\/\/cheaphosting-providers.com\/\",\"url\":\"https:\/\/cheaphosting-providers.com\/\",\"name\":\"\u1405 Los Mejores Hosting Cpanel y Servidores Hp Y Lenovo\",\"isPartOf\":{\"@id\":\"https:\/\/cheaphosting-providers.com\/#website\"},\"datePublished\":\"2021-01-26T19:25:23+00:00\",\"dateModified\":\"2021-12-16T04:53:25+00:00\",\"description\":\"Proveedores de Hosting Baratos y servidores de todas las caracteristicas en Latinoamerica \u2705 Cotiza, compara y contrata todo en un mismo lugar. F\u00e1cil y r\u00e1pido \u2705\",\"breadcrumb\":{\"@id\":\"https:\/\/cheaphosting-providers.com\/#breadcrumb\"},\"inLanguage\":\"es\",\"potentialAction\":[{\"@type\":\"ReadAction\",\"target\":[\"https:\/\/cheaphosting-providers.com\/\"]}]},{\"@type\":\"BreadcrumbList\",\"@id\":\"https:\/\/cheaphosting-providers.com\/#breadcrumb\",\"itemListElement\":[{\"@type\":\"ListItem\",\"position\":1,\"name\":\"Portada\",\"item\":\"https:\/\/cheaphosting-providers.com\/\"},{\"@type\":\"ListItem\",\"position\":2,\"name\":\"CHEAP HOSTING PROVIDERS\"}]},{\"@type\":\"WebSite\",\"@id\":\"https:\/\/cheaphosting-providers.com\/#website\",\"url\":\"https:\/\/cheaphosting-providers.com\/\",\"name\":\"\",\"description\":\"\",\"potentialAction\":[{\"@type\":\"SearchAction\",\"target\":{\"@type\":\"EntryPoint\",\"urlTemplate\":\"https:\/\/cheaphosting-providers.com\/?s={search_term_string}\"},\"query-input\":{\"@type\":\"PropertyValueSpecification\",\"valueRequired\":true,\"valueName\":\"search_term_string\"}}],\"inLanguage\":\"es\"}]}<\/script>\n<!-- \/ Yoast SEO plugin. -->","yoast_head_json":{"title":"\u1405 Los Mejores Hosting Cpanel y Servidores Hp Y Lenovo","description":"Proveedores de Hosting Baratos y servidores de todas las caracteristicas en Latinoamerica \u2705 Cotiza, compara y contrata todo en un mismo lugar. F\u00e1cil y r\u00e1pido \u2705","robots":{"index":"index","follow":"follow","max-snippet":"max-snippet:-1","max-image-preview":"max-image-preview:large","max-video-preview":"max-video-preview:-1"},"canonical":"https:\/\/cheaphosting-providers.com\/","og_locale":"es_ES","og_type":"article","og_title":"\u1405 Los Mejores Hosting Cpanel y Servidores Hp Y Lenovo","og_description":"Proveedores de Hosting Baratos y servidores de todas las caracteristicas en Latinoamerica \u2705 Cotiza, compara y contrata todo en un mismo lugar. F\u00e1cil y r\u00e1pido \u2705","og_url":"https:\/\/cheaphosting-providers.com\/","article_modified_time":"2021-12-16T04:53:25+00:00","twitter_card":"summary_large_image","twitter_misc":{"Tiempo de lectura":"4 minutos"},"schema":{"@context":"https:\/\/schema.org","@graph":[{"@type":"WebPage","@id":"https:\/\/cheaphosting-providers.com\/","url":"https:\/\/cheaphosting-providers.com\/","name":"\u1405 Los Mejores Hosting Cpanel y Servidores Hp Y Lenovo","isPartOf":{"@id":"https:\/\/cheaphosting-providers.com\/#website"},"datePublished":"2021-01-26T19:25:23+00:00","dateModified":"2021-12-16T04:53:25+00:00","description":"Proveedores de Hosting Baratos y servidores de todas las caracteristicas en Latinoamerica \u2705 Cotiza, compara y contrata todo en un mismo lugar. F\u00e1cil y r\u00e1pido \u2705","breadcrumb":{"@id":"https:\/\/cheaphosting-providers.com\/#breadcrumb"},"inLanguage":"es","potentialAction":[{"@type":"ReadAction","target":["https:\/\/cheaphosting-providers.com\/"]}]},{"@type":"BreadcrumbList","@id":"https:\/\/cheaphosting-providers.com\/#breadcrumb","itemListElement":[{"@type":"ListItem","position":1,"name":"Portada","item":"https:\/\/cheaphosting-providers.com\/"},{"@type":"ListItem","position":2,"name":"CHEAP HOSTING PROVIDERS"}]},{"@type":"WebSite","@id":"https:\/\/cheaphosting-providers.com\/#website","url":"https:\/\/cheaphosting-providers.com\/","name":"","description":"","potentialAction":[{"@type":"SearchAction","target":{"@type":"EntryPoint","urlTemplate":"https:\/\/cheaphosting-providers.com\/?s={search_term_string}"},"query-input":{"@type":"PropertyValueSpecification","valueRequired":true,"valueName":"search_term_string"}}],"inLanguage":"es"}]}},"_links":{"self":[{"href":"https:\/\/cheaphosting-providers.com\/index.php\/wp-json\/wp\/v2\/pages\/2","targetHints":{"allow":["GET"]}}],"collection":[{"href":"https:\/\/cheaphosting-providers.com\/index.php\/wp-json\/wp\/v2\/pages"}],"about":[{"href":"https:\/\/cheaphosting-providers.com\/index.php\/wp-json\/wp\/v2\/types\/page"}],"author":[{"embeddable":true,"href":"https:\/\/cheaphosting-providers.com\/index.php\/wp-json\/wp\/v2\/users\/1"}],"replies":[{"embeddable":true,"href":"https:\/\/cheaphosting-providers.com\/index.php\/wp-json\/wp\/v2\/comments?post=2"}],"version-history":[{"count":27,"href":"https:\/\/cheaphosting-providers.com\/index.php\/wp-json\/wp\/v2\/pages\/2\/revisions"}],"predecessor-version":[{"id":49,"href":"https:\/\/cheaphosting-providers.com\/index.php\/wp-json\/wp\/v2\/pages\/2\/revisions\/49"}],"wp:attachment":[{"href":"https:\/\/cheaphosting-providers.com\/index.php\/wp-json\/wp\/v2\/media?parent=2"}],"curies":[{"name":"wp","href":"https:\/\/api.w.org\/{rel}","templated":true}]}}